{"id":56,"date":"2013-05-16T21:37:37","date_gmt":"2013-05-16T19:37:37","guid":{"rendered":"http:\/\/themextemplates.com\/demo\/lovestory\/?page_id=56"},"modified":"2018-06-29T16:55:16","modified_gmt":"2018-06-29T14:55:16","slug":"home","status":"publish","type":"page","link":"https:\/\/www.bizarr-date.de\/anzeigen\/","title":{"rendered":"Start"},"content":{"rendered":"<div class=\"section-title aligncenter\"><h1>Und so einfach bist auch Du dabei:<\/h1><\/div><div class=\"fourcol column\">\n<h3><img loading=\"lazy\" decoding=\"async\" class=\"alignnone  wp-image-304\" alt=\"accepted_48\" src=\"https:\/\/www.bizarr-date.de\/anzeigen\/wp-content\/uploads\/2013\/10\/accepted_48.png\" width=\"34\" height=\"34\" \/>Gratis Profil anlegen<\/h3>\n<p>Registriere Dich kostenlos und lege Dein pers\u00f6nliches Profil an.\u00a0 Finde<br \/>\nschnell und ohne Kosten Deine Wunschpartnerin oder Partner in Deiner Region. Worauf wartest Du noch? Unsere Community erwartet Dich.<\/p>\n<\/div><div class=\"fourcol column\">\n<h3><img loading=\"lazy\" decoding=\"async\" class=\"alignnone  wp-image-304\" alt=\"accepted_48\" src=\"https:\/\/www.bizarr-date.de\/anzeigen\/wp-content\/uploads\/2013\/10\/accepted_48.png\" width=\"34\" height=\"34\" \/>Der Datefinder<\/h3>\n<p>Mit dem Datefinder kannst Du schnell passende Mitglieder finden, die zu<br \/>\nDeiner Vorstellung passen. Optimales finden leicht gemacht! Sofort werden Dir interessierte Mitglieder angezeigt und sie warten auf Deine Nachricht.<\/p>\n<\/div><div class=\"fourcol column last\">\n<h3><img loading=\"lazy\" decoding=\"async\" class=\"alignnone  wp-image-304\" alt=\"accepted_48\" src=\"https:\/\/www.bizarr-date.de\/anzeigen\/wp-content\/uploads\/2013\/10\/accepted_48.png\" width=\"34\" height=\"34\" \/>Sofort Dating<\/h3>\n<p>Dein Profil ist in wenigen Sekunden onlineund startklar.<br \/>\n. Du kannst sofort starten und Dein erstes Date finden. Worauf wartest Du noch? Melde Dich an und starte noch heute Deine Suche nach Deinem Bizarr-Date.<\/p>\n<\/div><div class=\"clear\"><\/div>\n<p>&nbsp;<\/p>\n<div class=\"sixcol column\"><div class=\"section-title alignleft\"><h1>Events und Neuigkeiten<\/h1><\/div><section class=\"featured-stories\"><article class=\"featured-story\">\n\t<div class=\"story-wrap\">\n\t<div class=\"listed-story clearfix\">\n\t<div class=\"story-preview\">\n\t\t<a href=\"https:\/\/www.bizarr-date.de\/anzeigen\/story\/das-sadobook\/\"><img loading=\"lazy\" decoding=\"async\" width=\"420\" height=\"630\" src=\"https:\/\/www.bizarr-date.de\/anzeigen\/wp-content\/uploads\/2016\/03\/image-1-1-420x630.jpg\" class=\"fullwidth wp-post-image\" alt=\"\" srcset=\"https:\/\/www.bizarr-date.de\/anzeigen\/wp-content\/uploads\/2016\/03\/image-1-1-420x630.jpg 420w, https:\/\/www.bizarr-date.de\/anzeigen\/wp-content\/uploads\/2016\/03\/image-1-1-200x300.jpg 200w, https:\/\/www.bizarr-date.de\/anzeigen\/wp-content\/uploads\/2016\/03\/image-1-1-768x1152.jpg 768w, https:\/\/www.bizarr-date.de\/anzeigen\/wp-content\/uploads\/2016\/03\/image-1-1-682x1024.jpg 682w, https:\/\/www.bizarr-date.de\/anzeigen\/wp-content\/uploads\/2016\/03\/image-1-1-738x1107.jpg 738w, https:\/\/www.bizarr-date.de\/anzeigen\/wp-content\/uploads\/2016\/03\/image-1-1.jpg 853w\" sizes=\"auto, (max-width: 420px) 100vw, 420px\" \/><\/a>\n\t\t\t<\/div>\n\t<\/div>\t\n\t<\/div>\t\t\t\t\t\t\t\n\t<div class=\"story-text\">\n\t\t<h4 class=\"story-title\"><a href=\"https:\/\/www.bizarr-date.de\/anzeigen\/story\/das-sadobook\/\">Das Sadobook<\/a><\/h4>\n\t\t<p>Die neue SM-Community f\u00fcr kostenlose Kontakte. Fetischisten, Sklaven, Dominas, hier ist jeder willkommen und kann sich kostenlos registrieren. Das Sadobook ist die perfekte Anlaufstelle, um neue Kontakte in der Szene zu finden, oder einfach nur Bilder zu tauschen oder zu diskutieren. Also probier es doch mal aus, was hast Du denn zu verlieren, finden Deine Domina, Deinen Sklaven, Deinen Herrn oder Deine Sklavin, erlebe bizarre Kontakte im Netz, auf dem Handy, online, schnell, diskret und gratis. Melde Dich hier sofort an und lege Dein Profil im <a href=\"https:\/\/www.sadobook.com\/\">Sadobook<\/a> an.<\/p>\n <a href=\"https:\/\/www.bizarr-date.de\/anzeigen\/story\/das-sadobook\/\" title=\"Read More\" class=\"icon-circle-arrow-right\"><\/a><\/p>\t<\/div>\n<\/article><article class=\"featured-story\">\n\t<div class=\"story-wrap\">\n\t<div class=\"listed-story clearfix\">\n\t<div class=\"story-preview\">\n\t\t<a href=\"https:\/\/www.bizarr-date.de\/anzeigen\/story\/heavy-rubber-session\/\"><img loading=\"lazy\" decoding=\"async\" width=\"420\" height=\"279\" src=\"https:\/\/www.bizarr-date.de\/anzeigen\/wp-content\/uploads\/2016\/09\/cover-DICKSTE-LATEXMASKE-Kopie-420x279.jpg\" class=\"fullwidth wp-post-image\" alt=\"\" srcset=\"https:\/\/www.bizarr-date.de\/anzeigen\/wp-content\/uploads\/2016\/09\/cover-DICKSTE-LATEXMASKE-Kopie-420x279.jpg 420w, https:\/\/www.bizarr-date.de\/anzeigen\/wp-content\/uploads\/2016\/09\/cover-DICKSTE-LATEXMASKE-Kopie-300x199.jpg 300w, https:\/\/www.bizarr-date.de\/anzeigen\/wp-content\/uploads\/2016\/09\/cover-DICKSTE-LATEXMASKE-Kopie.jpg 670w\" sizes=\"auto, (max-width: 420px) 100vw, 420px\" \/><\/a>\n\t\t\t<\/div>\n\t<\/div>\t\n\t<\/div>\t\t\t\t\t\t\t\n\t<div class=\"story-text\">\n\t\t<h4 class=\"story-title\"><a href=\"https:\/\/www.bizarr-date.de\/anzeigen\/story\/heavy-rubber-session\/\">Heavy-Rubber-Session<\/a><\/h4>\n\t\t<p>Eine Session f\u00fcr wahre Rubberisten. Du bist eingeh\u00fcllt in Latex,<br \/>\nwehrlos verpackt und verschn\u00fcrt im Gummisack.<br \/>\nErlebe pures Latexfeeling: riechen - f\u00fchlen - schwitzen<\/p>\n<p>M\u00f6glichkeiten: <a href=\"https:\/\/www.bizarr-date.de\/anzeigen\/story\/heavy-rubber-session\/\" title=\"Read More\" class=\"icon-circle-arrow-right\"><\/a><\/p>\t<\/div>\n<\/article><\/section><\/div><div class=\"sixcol column last\"><div class=\"section-title alignleft\"><h1>Letzte Anzeigen<\/h1><\/div><section class=\"featured-profiles\"><article class=\"featured-profile\">\n\t<div class=\"profile-wrap\">\n\t\t<div class=\"profile-preview\">\n\t<div class=\"profile-image\">\n\t\t<a href=\"https:\/\/www.bizarr-date.de\/anzeigen\/profile\/furzsklave338\/\"><img decoding=\"async\" src=\"https:\/\/www.bizarr-date.de\/anzeigen\/wp-content\/uploads\/2026\/02\/image-2682-200x200.png\" class=\"avatar\" width=\"200\" alt=\"\" \/><\/a>\n\t<\/div>\n\t\t<div class=\"profile-options popup-container clearfix\">\n\t\t<div class=\"profile-option\">\n\t\t\t<form class=\"ajax-form\" action=\"https:\/\/www.bizarr-date.de\/anzeigen\/wp-admin\/admin-ajax.php\" method=\"POST\">\n\t\t\t\t\t\t\t\t<a href=\"#\" title=\"Add to Favorites\" data-title=\"Remove from Favorites\" class=\"icon-heart submit-button\"><\/a>\n\t\t\t\t<input type=\"hidden\" class=\"toggle\" name=\"user_action\" value=\"add_favorite\" data-value=\"remove_favorite\" \/>\n\t\t\t\t\t\t\t\t<input type=\"hidden\" name=\"user_favorite\" value=\"4613\" \/>\n\t\t\t\t<input type=\"hidden\" class=\"nonce\" value=\"b8996abf54\" \/>\n\t\t\t\t<input type=\"hidden\" class=\"action\" value=\"themex_update_user\" \/>\n\t\t\t<\/form>\n\t\t<\/div>\n\t\t\t\t<div class=\"profile-option\">\n\t\t\t<a href=\"#gifts_listing\" title=\"Send Gift\" class=\"icon-gift colorbox inline\" data-value=\"4613\"><\/a>\n\t\t<\/div>\n\t\t\t\t<div class=\"profile-option\">\n\t\t\t<a href=\"https:\/\/www.bizarr-date.de\/anzeigen\/message\/4613\" title=\"Send Message\" class=\"icon-envelope-alt\"><\/a>\n\t\t<\/div>\n\t\t\t\t<div class=\"profile-option\">\n\t\t\t<a href=\"https:\/\/www.bizarr-date.de\/anzeigen\/chat\/4613\" title=\"Live Chat\" data-popup=\"chat\" class=\"icon-comment\"><\/a>\n\t\t<\/div>\n\t\t\t\t\t\t<div class=\"popup hidden\">\n\t\t\t<ul class=\"error\">\n\t\t\t\t<li>You must be signed in to do that<\/li>\n\t\t\t<\/ul>\n\t\t<\/div>\n\t\t\t<\/div>\n<\/div>\t\t\n\t<\/div>\n\t<div class=\"profile-text\">\n\t\t<h4><span title=\"Offline\" class=\"profile-status offline\"><\/span><a href=\"https:\/\/www.bizarr-date.de\/anzeigen\/profile\/furzsklave338\/\">Robert Blum<\/a><\/h4>\n\t\t<p>Ich habe einen Furzfetisch und suche Dominante Frauen mit den selben Fetisch oder allgemein die Offenheit mich als Furzkissen zu benutzen<\/p>\t<\/div>\n<\/article><article class=\"featured-profile\">\n\t<div class=\"profile-wrap\">\n\t\t<div class=\"profile-preview\">\n\t<div class=\"profile-image\">\n\t\t<a href=\"https:\/\/www.bizarr-date.de\/anzeigen\/profile\/breekachuboi\/\"><img decoding=\"async\" src=\"https:\/\/www.bizarr-date.de\/anzeigen\/wp-content\/themes\/bizarr-date\/images\/avatar.png\" class=\"avatar\" width=\"200\" alt=\"\" \/><\/a>\n\t<\/div>\n\t\t<div class=\"profile-options popup-container clearfix\">\n\t\t<div class=\"profile-option\">\n\t\t\t<form class=\"ajax-form\" action=\"https:\/\/www.bizarr-date.de\/anzeigen\/wp-admin\/admin-ajax.php\" method=\"POST\">\n\t\t\t\t\t\t\t\t<a href=\"#\" title=\"Add to Favorites\" data-title=\"Remove from Favorites\" class=\"icon-heart submit-button\"><\/a>\n\t\t\t\t<input type=\"hidden\" class=\"toggle\" name=\"user_action\" value=\"add_favorite\" data-value=\"remove_favorite\" \/>\n\t\t\t\t\t\t\t\t<input type=\"hidden\" name=\"user_favorite\" value=\"4612\" \/>\n\t\t\t\t<input type=\"hidden\" class=\"nonce\" value=\"b8996abf54\" \/>\n\t\t\t\t<input type=\"hidden\" class=\"action\" value=\"themex_update_user\" \/>\n\t\t\t<\/form>\n\t\t<\/div>\n\t\t\t\t<div class=\"profile-option\">\n\t\t\t<a href=\"#gifts_listing\" title=\"Send Gift\" class=\"icon-gift colorbox inline\" data-value=\"4612\"><\/a>\n\t\t<\/div>\n\t\t\t\t<div class=\"profile-option\">\n\t\t\t<a href=\"https:\/\/www.bizarr-date.de\/anzeigen\/message\/4612\" title=\"Send Message\" class=\"icon-envelope-alt\"><\/a>\n\t\t<\/div>\n\t\t\t\t<div class=\"profile-option\">\n\t\t\t<a href=\"https:\/\/www.bizarr-date.de\/anzeigen\/chat\/4612\" title=\"Live Chat\" data-popup=\"chat\" class=\"icon-comment\"><\/a>\n\t\t<\/div>\n\t\t\t\t\t\t<div class=\"popup hidden\">\n\t\t\t<ul class=\"error\">\n\t\t\t\t<li>You must be signed in to do that<\/li>\n\t\t\t<\/ul>\n\t\t<\/div>\n\t\t\t<\/div>\n<\/div>\t\t\n\t<\/div>\n\t<div class=\"profile-text\">\n\t\t<h4><span title=\"Offline\" class=\"profile-status offline\"><\/span><a href=\"https:\/\/www.bizarr-date.de\/anzeigen\/profile\/breekachuboi\/\">Denis Hildebrandt<\/a><\/h4>\n\t\t<p>ich bin Denis, 26 Jahre alt, und suche eine Herrin, die mich erniedrigt und dominiert. Ich bin von Natur aus sehr devot und unterw\u00fcrfig, aber konnte diese Seite bisher noch nicht so viel ausleben.<br \/>Ich komme aus Freiburg und bin an Treffen interessiert.<br \/>Meine Interessen liegen vor allem im Geruch. Also ungewaschene F\u00fc\u00dfe, Hintern, F\u00fcrze etc.\u00a0<\/p>\t<\/div>\n<\/article><article class=\"featured-profile\">\n\t<div class=\"profile-wrap\">\n\t\t<div class=\"profile-preview\">\n\t<div class=\"profile-image\">\n\t\t<a href=\"https:\/\/www.bizarr-date.de\/anzeigen\/profile\/schlachtsklave\/\"><img decoding=\"async\" src=\"https:\/\/www.bizarr-date.de\/anzeigen\/wp-content\/uploads\/2026\/02\/image-2681-420x420-200x200.jpeg\" class=\"avatar\" width=\"200\" alt=\"\" \/><\/a>\n\t<\/div>\n\t\t<div class=\"profile-options popup-container clearfix\">\n\t\t<div class=\"profile-option\">\n\t\t\t<form class=\"ajax-form\" action=\"https:\/\/www.bizarr-date.de\/anzeigen\/wp-admin\/admin-ajax.php\" method=\"POST\">\n\t\t\t\t\t\t\t\t<a href=\"#\" title=\"Add to Favorites\" data-title=\"Remove from Favorites\" class=\"icon-heart submit-button\"><\/a>\n\t\t\t\t<input type=\"hidden\" class=\"toggle\" name=\"user_action\" value=\"add_favorite\" data-value=\"remove_favorite\" \/>\n\t\t\t\t\t\t\t\t<input type=\"hidden\" name=\"user_favorite\" value=\"4611\" \/>\n\t\t\t\t<input type=\"hidden\" class=\"nonce\" value=\"b8996abf54\" \/>\n\t\t\t\t<input type=\"hidden\" class=\"action\" value=\"themex_update_user\" \/>\n\t\t\t<\/form>\n\t\t<\/div>\n\t\t\t\t<div class=\"profile-option\">\n\t\t\t<a href=\"#gifts_listing\" title=\"Send Gift\" class=\"icon-gift colorbox inline\" data-value=\"4611\"><\/a>\n\t\t<\/div>\n\t\t\t\t<div class=\"profile-option\">\n\t\t\t<a href=\"https:\/\/www.bizarr-date.de\/anzeigen\/message\/4611\" title=\"Send Message\" class=\"icon-envelope-alt\"><\/a>\n\t\t<\/div>\n\t\t\t\t<div class=\"profile-option\">\n\t\t\t<a href=\"https:\/\/www.bizarr-date.de\/anzeigen\/chat\/4611\" title=\"Live Chat\" data-popup=\"chat\" class=\"icon-comment\"><\/a>\n\t\t<\/div>\n\t\t\t\t\t\t<div class=\"popup hidden\">\n\t\t\t<ul class=\"error\">\n\t\t\t\t<li>You must be signed in to do that<\/li>\n\t\t\t<\/ul>\n\t\t<\/div>\n\t\t\t<\/div>\n<\/div>\t\t\n\t<\/div>\n\t<div class=\"profile-text\">\n\t\t<h4><span title=\"Offline\" class=\"profile-status offline\"><\/span><a href=\"https:\/\/www.bizarr-date.de\/anzeigen\/profile\/schlachtsklave\/\">Sklave Gehorsam<\/a><\/h4>\n\t\t<p>Ich suche einen Bauernhof gehen das bis zum Schluss und iiiider Weg soll nicht einfach sein und auch die Eier k\u00f6nnen ab . Wer das kann bitte melden.<\/p>\t<\/div>\n<\/article><\/section><\/div><div class=\"clear\"><\/div>\n","protected":false},"excerpt":{"rendered":"<p>&nbsp;<\/p>\n","protected":false},"author":19,"featured_media":0,"parent":0,"menu_order":0,"comment_status":"open","ping_status":"closed","template":"","meta":{"footnotes":""},"class_list":["post-56","page","type-page","status-publish","hentry"],"aioseo_notices":[],"_links":{"self":[{"href":"https:\/\/www.bizarr-date.de\/anzeigen\/wp-json\/wp\/v2\/pages\/56","targetHints":{"allow":["GET"]}}],"collection":[{"href":"https:\/\/www.bizarr-date.de\/anzeigen\/wp-json\/wp\/v2\/pages"}],"about":[{"href":"https:\/\/www.bizarr-date.de\/anzeigen\/wp-json\/wp\/v2\/types\/page"}],"author":[{"embeddable":true,"href":"https:\/\/www.bizarr-date.de\/anzeigen\/wp-json\/wp\/v2\/users\/19"}],"replies":[{"embeddable":true,"href":"https:\/\/www.bizarr-date.de\/anzeigen\/wp-json\/wp\/v2\/comments?post=56"}],"version-history":[{"count":22,"href":"https:\/\/www.bizarr-date.de\/anzeigen\/wp-json\/wp\/v2\/pages\/56\/revisions"}],"predecessor-version":[{"id":1965,"href":"https:\/\/www.bizarr-date.de\/anzeigen\/wp-json\/wp\/v2\/pages\/56\/revisions\/1965"}],"wp:attachment":[{"href":"https:\/\/www.bizarr-date.de\/anzeigen\/wp-json\/wp\/v2\/media?parent=56"}],"curies":[{"name":"wp","href":"https:\/\/api.w.org\/{rel}","templated":true}]}}