{"id":54,"date":"2013-05-16T21:31:27","date_gmt":"2013-05-16T19:31:27","guid":{"rendered":"http:\/\/themextemplates.com\/demo\/lovestory\/?page_id=54"},"modified":"2013-10-07T11:10:16","modified_gmt":"2013-10-07T09:10:16","slug":"about","status":"publish","type":"page","link":"https:\/\/www.bizarr-date.de\/anzeigen\/about\/","title":{"rendered":"\u00dcber uns"},"content":{"rendered":"<div class=\"fourcol column\"><div class=\"section-title alignleft\"><h1>Worum es hier geht<\/h1><\/div>\n<p>Datings und Bekanntschaften \u00fcber dass Netz sind mittlerweile v\u00f6llig normal. Unz\u00e4hlige Datingplattformen\u00a0 stehen dazu bereit.<\/p>\n<p>Aber was tun, wenn die eigenen Vorstellungen und Veranlagungen von der Norm abweichen? Bizarr Date ist die Plattform f\u00fcr Menschen mit speziellen Vorlieben, egal ob Sie ein Date oder eine Beziehung suchen. Bizarre Rollenspiele, Sadomaso oder Fetisch. Einfache Profilgestaltung lassen bewusst Spielraum f\u00fcr nahezu jede Orientierung.<\/p>\n<\/div><div class=\"fourcol column\"><div class=\"section-title alignleft\"><h1>Bizarr Date<\/h1><\/div>\n<ul class=\"bordered-list checked-list\">\n<li>kostenlose Profile von Gleichgesinnten<\/li>\n<li>Kontaktm\u00f6glichkeiten in der Community<\/li>\n<li>einfache und \u00fcbersichtliche Profilgestaltung<\/li>\n<li>eigene Bildergalerien erstellen<\/li>\n<li>Freundschaftslisten anlegen<\/li>\n<li>Geschenke an Teilnehmer versenden<\/li>\n<li>Date oder Beziehung, f\u00fcr alles offen<\/li>\n<\/ul>\n<p>&nbsp;<\/p>\n<\/div><div class=\"fourcol column last\"><div class=\"section-title alignleft\"><h1>Impressum<\/h1><\/div>\n<p><strong><\/strong><img loading=\"lazy\" decoding=\"async\" class=\"alignnone size-full wp-image-351\" alt=\"impressum\" src=\"http:\/\/www.bizarr-date.de\/anzeigen\/wp-content\/uploads\/2013\/05\/impressum.gif\" width=\"314\" height=\"261\" \/><\/p>\n<\/div><div class=\"clear\"><\/div>\n<div class=\"section-title aligncenter\"><h1>Das Bizarr Date\u00a0 Team<\/h1><\/div><div class=\"threecol column\"><img decoding=\"async\" class=\"bordered-image aligncenter\" alt=\"\" src=\"http:\/\/www.bizarr-date.de\/anzeigen\/wp-content\/uploads\/2013\/05\/image-14.jpg\" \/><\/p>\n<h4 class=\"aligncenter\">Martin Krumberger<\/h4>\n<p><em class=\"aligncenter\">Gr\u00fcnder<\/em><\/div><div class=\"threecol column\"><img decoding=\"async\" class=\"bordered-image aligncenter\" alt=\"\" src=\"http:\/\/www.bizarr-date.de\/anzeigen\/wp-content\/uploads\/2013\/05\/image-10.jpg\" \/><\/p>\n<h4 class=\"aligncenter\">Sabdra Wenzen<\/h4>\n<p><em class=\"aligncenter\">Marketing<\/em><\/div><div class=\"threecol column\"><img decoding=\"async\" class=\"bordered-image aligncenter\" alt=\"\" src=\"http:\/\/www.bizarr-date.de\/anzeigen\/wp-content\/uploads\/2013\/05\/image-15.jpg\" \/><\/p>\n<h4 class=\"aligncenter\">Michael Schreiner<\/h4>\n<p><em class=\"aligncenter\">Projekt Manager<\/em><\/div><div class=\"threecol column last\"><img decoding=\"async\" class=\"bordered-image aligncenter\" alt=\"\" src=\"http:\/\/www.bizarr-date.de\/anzeigen\/wp-content\/uploads\/2013\/05\/image-18.jpg\" \/><\/p>\n<h4 class=\"aligncenter\">Falk von Stellbrink<\/h4>\n<p><em class=\"aligncenter\">Software Entwickler<\/em><\/div><div class=\"clear\"><\/div>\n","protected":false},"excerpt":{"rendered":"","protected":false},"author":19,"featured_media":0,"parent":0,"menu_order":1,"comment_status":"open","ping_status":"closed","template":"","meta":{"footnotes":""},"class_list":["post-54","page","type-page","status-publish","hentry"],"aioseo_notices":[],"_links":{"self":[{"href":"https:\/\/www.bizarr-date.de\/anzeigen\/wp-json\/wp\/v2\/pages\/54","targetHints":{"allow":["GET"]}}],"collection":[{"href":"https:\/\/www.bizarr-date.de\/anzeigen\/wp-json\/wp\/v2\/pages"}],"about":[{"href":"https:\/\/www.bizarr-date.de\/anzeigen\/wp-json\/wp\/v2\/types\/page"}],"author":[{"embeddable":true,"href":"https:\/\/www.bizarr-date.de\/anzeigen\/wp-json\/wp\/v2\/users\/19"}],"replies":[{"embeddable":true,"href":"https:\/\/www.bizarr-date.de\/anzeigen\/wp-json\/wp\/v2\/comments?post=54"}],"version-history":[{"count":17,"href":"https:\/\/www.bizarr-date.de\/anzeigen\/wp-json\/wp\/v2\/pages\/54\/revisions"}],"predecessor-version":[{"id":359,"href":"https:\/\/www.bizarr-date.de\/anzeigen\/wp-json\/wp\/v2\/pages\/54\/revisions\/359"}],"wp:attachment":[{"href":"https:\/\/www.bizarr-date.de\/anzeigen\/wp-json\/wp\/v2\/media?parent=54"}],"curies":[{"name":"wp","href":"https:\/\/api.w.org\/{rel}","templated":true}]}}