{"id":355,"date":"2013-10-07T11:07:56","date_gmt":"2013-10-07T09:07:56","guid":{"rendered":"http:\/\/www.bizarr-date.de\/anzeigen\/?page_id=355"},"modified":"2014-09-06T16:53:11","modified_gmt":"2014-09-06T14:53:11","slug":"test","status":"publish","type":"page","link":"https:\/\/www.bizarr-date.de\/anzeigen\/test\/","title":{"rendered":"So geht\u00b4s"},"content":{"rendered":"<h1>Finde Dein Date f\u00fcr bizarre Rollenspiele und mehr.<\/h1>\n<h3>In nur drei Schritten zu Deinem <em>Bizarr Date<\/em>:<\/h3>\n<ul>\n<li><strong>ein kostenloses Profil anlegen<\/strong><\/li>\n<li><strong>passende Mitglieder in der Community finden und kontakten<\/strong><\/li>\n<li><strong>ein Treffen mit dem Wunschpartner verabreden<\/strong><\/li>\n<\/ul>\n<a href=\"http:\/\/bizarr-date.de\/anzeigen\/register\" target=\"_self\" class=\"button small secondary\">Profil anlegen<\/a>\n<p>&nbsp;<\/p>\n<p><span style=\"color: #ff0000;\"><em><strong><strong>Hinweis<\/strong>:<\/strong><\/em><\/span><br \/>\n<strong>Viele Leute melden sich einfach nur an! <\/strong><br \/>\n<strong>Das reicht nicht f\u00fcr erfolgreiches Dating.<\/strong><br \/>\n<strong> Wer wirklich reale Kontakte sucht, sollte schon in der Lage sein<br \/>\nein Profil auszuf\u00fcllen und ein wenig \u00fcber sich selbst zu schreiben<br \/>\n&#8211; es gibt sonst nie Post!<\/strong><\/p>\n<p><span style=\"color: #ff0000;\"><strong>Au\u00dferdem:<\/strong><\/span><br \/>\n<span style=\"color: #ff0000;\"><strong>Wer Pornobilder ver\u00f6ffentlicht wird ohne Vorwarnung direkt komplett gel\u00f6scht!!!<\/strong><\/span><\/p>\n<h3 class=\"checked-list bordered-list\">Unsere neusten Mitglieder:<\/h3>\n<p class=\"checked-list bordered-list\"><section class=\"featured-profiles\"><article class=\"featured-profile\">\n\t<div class=\"profile-wrap\">\n\t\t<div class=\"profile-preview\">\n\t<div class=\"profile-image\">\n\t\t<a href=\"https:\/\/www.bizarr-date.de\/anzeigen\/profile\/xaver57\/\"><img decoding=\"async\" src=\"https:\/\/www.bizarr-date.de\/anzeigen\/wp-content\/themes\/bizarr-date\/images\/avatar.png\" class=\"avatar\" width=\"200\" alt=\"\" \/><\/a>\n\t<\/div>\n\t\t<div class=\"profile-options popup-container clearfix\">\n\t\t<div class=\"profile-option\">\n\t\t\t<form class=\"ajax-form\" action=\"https:\/\/www.bizarr-date.de\/anzeigen\/wp-admin\/admin-ajax.php\" method=\"POST\">\n\t\t\t\t\t\t\t\t<a href=\"#\" title=\"Add to Favorites\" data-title=\"Remove from Favorites\" class=\"icon-heart submit-button\"><\/a>\n\t\t\t\t<input type=\"hidden\" class=\"toggle\" name=\"user_action\" value=\"add_favorite\" data-value=\"remove_favorite\" \/>\n\t\t\t\t\t\t\t\t<input type=\"hidden\" name=\"user_favorite\" value=\"4621\" \/>\n\t\t\t\t<input type=\"hidden\" class=\"nonce\" value=\"c836596ecc\" \/>\n\t\t\t\t<input type=\"hidden\" class=\"action\" value=\"themex_update_user\" \/>\n\t\t\t<\/form>\n\t\t<\/div>\n\t\t\t\t<div class=\"profile-option\">\n\t\t\t<a href=\"#gifts_listing\" title=\"Send Gift\" class=\"icon-gift colorbox inline\" data-value=\"4621\"><\/a>\n\t\t<\/div>\n\t\t\t\t<div class=\"profile-option\">\n\t\t\t<a href=\"https:\/\/www.bizarr-date.de\/anzeigen\/message\/4621\" title=\"Send Message\" class=\"icon-envelope-alt\"><\/a>\n\t\t<\/div>\n\t\t\t\t<div class=\"profile-option\">\n\t\t\t<a href=\"https:\/\/www.bizarr-date.de\/anzeigen\/chat\/4621\" title=\"Live Chat\" data-popup=\"chat\" class=\"icon-comment\"><\/a>\n\t\t<\/div>\n\t\t\t\t\t\t<div class=\"popup hidden\">\n\t\t\t<ul class=\"error\">\n\t\t\t\t<li>You must be signed in to do that<\/li>\n\t\t\t<\/ul>\n\t\t<\/div>\n\t\t\t<\/div>\n<\/div>\t\t\n\t<\/div>\n\t<div class=\"profile-text\">\n\t\t<h4><span title=\"Offline\" class=\"profile-status offline\"><\/span><a href=\"https:\/\/www.bizarr-date.de\/anzeigen\/profile\/xaver57\/\">X A<\/a><\/h4>\n\t\t<p>X<\/p>\t<\/div>\n<\/article><article class=\"featured-profile\">\n\t<div class=\"profile-wrap\">\n\t\t<div class=\"profile-preview\">\n\t<div class=\"profile-image\">\n\t\t<a href=\"https:\/\/www.bizarr-date.de\/anzeigen\/profile\/furzsklave338\/\"><img decoding=\"async\" src=\"https:\/\/www.bizarr-date.de\/anzeigen\/wp-content\/uploads\/2026\/02\/image-2682-200x200.png\" class=\"avatar\" width=\"200\" alt=\"\" \/><\/a>\n\t<\/div>\n\t\t<div class=\"profile-options popup-container clearfix\">\n\t\t<div class=\"profile-option\">\n\t\t\t<form class=\"ajax-form\" action=\"https:\/\/www.bizarr-date.de\/anzeigen\/wp-admin\/admin-ajax.php\" method=\"POST\">\n\t\t\t\t\t\t\t\t<a href=\"#\" title=\"Add to Favorites\" data-title=\"Remove from Favorites\" class=\"icon-heart submit-button\"><\/a>\n\t\t\t\t<input type=\"hidden\" class=\"toggle\" name=\"user_action\" value=\"add_favorite\" data-value=\"remove_favorite\" \/>\n\t\t\t\t\t\t\t\t<input type=\"hidden\" name=\"user_favorite\" value=\"4613\" \/>\n\t\t\t\t<input type=\"hidden\" class=\"nonce\" value=\"c836596ecc\" \/>\n\t\t\t\t<input type=\"hidden\" class=\"action\" value=\"themex_update_user\" \/>\n\t\t\t<\/form>\n\t\t<\/div>\n\t\t\t\t<div class=\"profile-option\">\n\t\t\t<a href=\"#gifts_listing\" title=\"Send Gift\" class=\"icon-gift colorbox inline\" data-value=\"4613\"><\/a>\n\t\t<\/div>\n\t\t\t\t<div class=\"profile-option\">\n\t\t\t<a href=\"https:\/\/www.bizarr-date.de\/anzeigen\/message\/4613\" title=\"Send Message\" class=\"icon-envelope-alt\"><\/a>\n\t\t<\/div>\n\t\t\t\t<div class=\"profile-option\">\n\t\t\t<a href=\"https:\/\/www.bizarr-date.de\/anzeigen\/chat\/4613\" title=\"Live Chat\" data-popup=\"chat\" class=\"icon-comment\"><\/a>\n\t\t<\/div>\n\t\t\t\t\t\t<div class=\"popup hidden\">\n\t\t\t<ul class=\"error\">\n\t\t\t\t<li>You must be signed in to do that<\/li>\n\t\t\t<\/ul>\n\t\t<\/div>\n\t\t\t<\/div>\n<\/div>\t\t\n\t<\/div>\n\t<div class=\"profile-text\">\n\t\t<h4><span title=\"Offline\" class=\"profile-status offline\"><\/span><a href=\"https:\/\/www.bizarr-date.de\/anzeigen\/profile\/furzsklave338\/\">Robert Blum<\/a><\/h4>\n\t\t<p>Ich habe einen Furzfetisch und suche Dominante Frauen mit den selben Fetisch oder allgemein die Offenheit mich als Furzkissen zu benutzen<\/p>\t<\/div>\n<\/article><article class=\"featured-profile\">\n\t<div class=\"profile-wrap\">\n\t\t<div class=\"profile-preview\">\n\t<div class=\"profile-image\">\n\t\t<a href=\"https:\/\/www.bizarr-date.de\/anzeigen\/profile\/breekachuboi\/\"><img decoding=\"async\" src=\"https:\/\/www.bizarr-date.de\/anzeigen\/wp-content\/themes\/bizarr-date\/images\/avatar.png\" class=\"avatar\" width=\"200\" alt=\"\" \/><\/a>\n\t<\/div>\n\t\t<div class=\"profile-options popup-container clearfix\">\n\t\t<div class=\"profile-option\">\n\t\t\t<form class=\"ajax-form\" action=\"https:\/\/www.bizarr-date.de\/anzeigen\/wp-admin\/admin-ajax.php\" method=\"POST\">\n\t\t\t\t\t\t\t\t<a href=\"#\" title=\"Add to Favorites\" data-title=\"Remove from Favorites\" class=\"icon-heart submit-button\"><\/a>\n\t\t\t\t<input type=\"hidden\" class=\"toggle\" name=\"user_action\" value=\"add_favorite\" data-value=\"remove_favorite\" \/>\n\t\t\t\t\t\t\t\t<input type=\"hidden\" name=\"user_favorite\" value=\"4612\" \/>\n\t\t\t\t<input type=\"hidden\" class=\"nonce\" value=\"c836596ecc\" \/>\n\t\t\t\t<input type=\"hidden\" class=\"action\" value=\"themex_update_user\" \/>\n\t\t\t<\/form>\n\t\t<\/div>\n\t\t\t\t<div class=\"profile-option\">\n\t\t\t<a href=\"#gifts_listing\" title=\"Send Gift\" class=\"icon-gift colorbox inline\" data-value=\"4612\"><\/a>\n\t\t<\/div>\n\t\t\t\t<div class=\"profile-option\">\n\t\t\t<a href=\"https:\/\/www.bizarr-date.de\/anzeigen\/message\/4612\" title=\"Send Message\" class=\"icon-envelope-alt\"><\/a>\n\t\t<\/div>\n\t\t\t\t<div class=\"profile-option\">\n\t\t\t<a href=\"https:\/\/www.bizarr-date.de\/anzeigen\/chat\/4612\" title=\"Live Chat\" data-popup=\"chat\" class=\"icon-comment\"><\/a>\n\t\t<\/div>\n\t\t\t\t\t\t<div class=\"popup hidden\">\n\t\t\t<ul class=\"error\">\n\t\t\t\t<li>You must be signed in to do that<\/li>\n\t\t\t<\/ul>\n\t\t<\/div>\n\t\t\t<\/div>\n<\/div>\t\t\n\t<\/div>\n\t<div class=\"profile-text\">\n\t\t<h4><span title=\"Offline\" class=\"profile-status offline\"><\/span><a href=\"https:\/\/www.bizarr-date.de\/anzeigen\/profile\/breekachuboi\/\">Denis Hildebrandt<\/a><\/h4>\n\t\t<p>ich bin Denis, 26 Jahre alt, und suche eine Herrin, die mich erniedrigt und dominiert. Ich bin von Natur aus sehr devot und unterw\u00fcrfig, aber konnte diese Seite bisher noch nicht so viel ausleben.<br \/>Ich komme aus Freiburg und bin an Treffen interessiert.<br \/>Meine Interessen liegen vor allem im Geruch. Also ungewaschene F\u00fc\u00dfe, Hintern, F\u00fcrze etc.\u00a0<\/p>\t<\/div>\n<\/article><article class=\"featured-profile\">\n\t<div class=\"profile-wrap\">\n\t\t<div class=\"profile-preview\">\n\t<div class=\"profile-image\">\n\t\t<a href=\"https:\/\/www.bizarr-date.de\/anzeigen\/profile\/schlachtsklave\/\"><img decoding=\"async\" src=\"https:\/\/www.bizarr-date.de\/anzeigen\/wp-content\/uploads\/2026\/02\/image-2681-420x420-200x200.jpeg\" class=\"avatar\" width=\"200\" alt=\"\" \/><\/a>\n\t<\/div>\n\t\t<div class=\"profile-options popup-container clearfix\">\n\t\t<div class=\"profile-option\">\n\t\t\t<form class=\"ajax-form\" action=\"https:\/\/www.bizarr-date.de\/anzeigen\/wp-admin\/admin-ajax.php\" method=\"POST\">\n\t\t\t\t\t\t\t\t<a href=\"#\" title=\"Add to Favorites\" data-title=\"Remove from Favorites\" class=\"icon-heart submit-button\"><\/a>\n\t\t\t\t<input type=\"hidden\" class=\"toggle\" name=\"user_action\" value=\"add_favorite\" data-value=\"remove_favorite\" \/>\n\t\t\t\t\t\t\t\t<input type=\"hidden\" name=\"user_favorite\" value=\"4611\" \/>\n\t\t\t\t<input type=\"hidden\" class=\"nonce\" value=\"c836596ecc\" \/>\n\t\t\t\t<input type=\"hidden\" class=\"action\" value=\"themex_update_user\" \/>\n\t\t\t<\/form>\n\t\t<\/div>\n\t\t\t\t<div class=\"profile-option\">\n\t\t\t<a href=\"#gifts_listing\" title=\"Send Gift\" class=\"icon-gift colorbox inline\" data-value=\"4611\"><\/a>\n\t\t<\/div>\n\t\t\t\t<div class=\"profile-option\">\n\t\t\t<a href=\"https:\/\/www.bizarr-date.de\/anzeigen\/message\/4611\" title=\"Send Message\" class=\"icon-envelope-alt\"><\/a>\n\t\t<\/div>\n\t\t\t\t<div class=\"profile-option\">\n\t\t\t<a href=\"https:\/\/www.bizarr-date.de\/anzeigen\/chat\/4611\" title=\"Live Chat\" data-popup=\"chat\" class=\"icon-comment\"><\/a>\n\t\t<\/div>\n\t\t\t\t\t\t<div class=\"popup hidden\">\n\t\t\t<ul class=\"error\">\n\t\t\t\t<li>You must be signed in to do that<\/li>\n\t\t\t<\/ul>\n\t\t<\/div>\n\t\t\t<\/div>\n<\/div>\t\t\n\t<\/div>\n\t<div class=\"profile-text\">\n\t\t<h4><span title=\"Offline\" class=\"profile-status offline\"><\/span><a href=\"https:\/\/www.bizarr-date.de\/anzeigen\/profile\/schlachtsklave\/\">Sklave Gehorsam<\/a><\/h4>\n\t\t<p>Ich suche einen Bauernhof gehen das bis zum Schluss und iiiider Weg soll nicht einfach sein und auch die Eier k\u00f6nnen ab . Wer das kann bitte melden.<\/p>\t<\/div>\n<\/article><article class=\"featured-profile\">\n\t<div class=\"profile-wrap\">\n\t\t<div class=\"profile-preview\">\n\t<div class=\"profile-image\">\n\t\t<a href=\"https:\/\/www.bizarr-date.de\/anzeigen\/profile\/goddesskitty\/\"><img decoding=\"async\" src=\"https:\/\/www.bizarr-date.de\/anzeigen\/wp-content\/uploads\/2026\/01\/image-2680-420x420-200x200.jpg\" class=\"avatar\" width=\"200\" alt=\"\" \/><\/a>\n\t<\/div>\n\t\t<div class=\"profile-options popup-container clearfix\">\n\t\t<div class=\"profile-option\">\n\t\t\t<form class=\"ajax-form\" action=\"https:\/\/www.bizarr-date.de\/anzeigen\/wp-admin\/admin-ajax.php\" method=\"POST\">\n\t\t\t\t\t\t\t\t<a href=\"#\" title=\"Add to Favorites\" data-title=\"Remove from Favorites\" class=\"icon-heart submit-button\"><\/a>\n\t\t\t\t<input type=\"hidden\" class=\"toggle\" name=\"user_action\" value=\"add_favorite\" data-value=\"remove_favorite\" \/>\n\t\t\t\t\t\t\t\t<input type=\"hidden\" name=\"user_favorite\" value=\"4610\" \/>\n\t\t\t\t<input type=\"hidden\" class=\"nonce\" value=\"c836596ecc\" \/>\n\t\t\t\t<input type=\"hidden\" class=\"action\" value=\"themex_update_user\" \/>\n\t\t\t<\/form>\n\t\t<\/div>\n\t\t\t\t<div class=\"profile-option\">\n\t\t\t<a href=\"#gifts_listing\" title=\"Send Gift\" class=\"icon-gift colorbox inline\" data-value=\"4610\"><\/a>\n\t\t<\/div>\n\t\t\t\t<div class=\"profile-option\">\n\t\t\t<a href=\"https:\/\/www.bizarr-date.de\/anzeigen\/message\/4610\" title=\"Send Message\" class=\"icon-envelope-alt\"><\/a>\n\t\t<\/div>\n\t\t\t\t<div class=\"profile-option\">\n\t\t\t<a href=\"https:\/\/www.bizarr-date.de\/anzeigen\/chat\/4610\" title=\"Live Chat\" data-popup=\"chat\" class=\"icon-comment\"><\/a>\n\t\t<\/div>\n\t\t\t\t\t\t<div class=\"popup hidden\">\n\t\t\t<ul class=\"error\">\n\t\t\t\t<li>You must be signed in to do that<\/li>\n\t\t\t<\/ul>\n\t\t<\/div>\n\t\t\t<\/div>\n<\/div>\t\t\n\t<\/div>\n\t<div class=\"profile-text\">\n\t\t<h4><span title=\"Offline\" class=\"profile-status offline\"><\/span><a href=\"https:\/\/www.bizarr-date.de\/anzeigen\/profile\/goddesskitty\/\">Goddess Kitty<\/a><\/h4>\n\t\t<p>Selbstbewusste, junge Geldherrin nimmt <strong>solvente<\/strong> Geldsklaven auf! <em>Mein Luxus ist Dein Fetisch.<\/em><\/p>\t<\/div>\n<\/article><\/section>\n<p class=\"checked-list bordered-list\">\n","protected":false},"excerpt":{"rendered":"<p>Finde Dein Date f\u00fcr bizarre Rollenspiele und mehr. In nur drei Schritten zu Deinem Bizarr Date: ein kostenloses Profil anlegen passende Mitglieder in der Community finden und kontakten ein Treffen mit dem Wunschpartner verabreden &nbsp; Hinweis: Viele Leute melden sich einfach nur an! Das reicht nicht f\u00fcr erfolgreiches Dating. Wer wirklich reale Kontakte sucht, sollte [&hellip;]<\/p>\n","protected":false},"author":1,"featured_media":0,"parent":0,"menu_order":0,"comment_status":"open","ping_status":"closed","template":"template-right.php","meta":{"footnotes":""},"class_list":["post-355","page","type-page","status-publish","hentry"],"aioseo_notices":[],"_links":{"self":[{"href":"https:\/\/www.bizarr-date.de\/anzeigen\/wp-json\/wp\/v2\/pages\/355","targetHints":{"allow":["GET"]}}],"collection":[{"href":"https:\/\/www.bizarr-date.de\/anzeigen\/wp-json\/wp\/v2\/pages"}],"about":[{"href":"https:\/\/www.bizarr-date.de\/anzeigen\/wp-json\/wp\/v2\/types\/page"}],"author":[{"embeddable":true,"href":"https:\/\/www.bizarr-date.de\/anzeigen\/wp-json\/wp\/v2\/users\/1"}],"replies":[{"embeddable":true,"href":"https:\/\/www.bizarr-date.de\/anzeigen\/wp-json\/wp\/v2\/comments?post=355"}],"version-history":[{"count":28,"href":"https:\/\/www.bizarr-date.de\/anzeigen\/wp-json\/wp\/v2\/pages\/355\/revisions"}],"predecessor-version":[{"id":968,"href":"https:\/\/www.bizarr-date.de\/anzeigen\/wp-json\/wp\/v2\/pages\/355\/revisions\/968"}],"wp:attachment":[{"href":"https:\/\/www.bizarr-date.de\/anzeigen\/wp-json\/wp\/v2\/media?parent=355"}],"curies":[{"name":"wp","href":"https:\/\/api.w.org\/{rel}","templated":true}]}}